{"id":4139,"date":"2026-04-26T16:58:10","date_gmt":"2026-04-26T14:58:10","guid":{"rendered":"https:\/\/acsnutrigenomica.com\/?post_type=product&#038;p=4139"},"modified":"2026-04-27T12:02:45","modified_gmt":"2026-04-27T10:02:45","slug":"programa-max","status":"publish","type":"product","link":"https:\/\/acsnutrigenomica.com\/es\/product\/programa-max\/","title":{"rendered":"Programa Max"},"content":{"rendered":"<div class=\"wpb_text_column wpb_content_element\">\n<div class=\"wpb_wrapper\">\n<p>Transformaci\u00f3n completa con acompa\u00f1amiento continuo y resultados reales.<\/p>\n<\/div>\n<\/div>\n<h2 class=\"tm-custom-heading\">\u00bfQu\u00e9 incluye este programa?<\/h2>\n<div class=\"wpb_text_column wpb_content_element\">\n<div class=\"wpb_wrapper\">\n<ul>\n<li>Acompa\u00f1amiento durante 30 d\u00edas<\/li>\n<li class=\"skrollable skrollable-between\" data-section-id=\"1qdgbdk\" data-start=\"1078\" data-end=\"1112\">Ebook de recetas<\/li>\n<li class=\"skrollable skrollable-between\" data-section-id=\"1qdgbdk\" data-start=\"1078\" data-end=\"1112\">Consulta personalizada<\/li>\n<li class=\"skrollable skrollable-between\" data-section-id=\"1qdgbdk\" data-start=\"1078\" data-end=\"1112\">Interpretaci\u00f3n de ex\u00e1menes cl\u00ednicos<\/li>\n<li class=\"skrollable skrollable-between\" data-section-id=\"1qdgbdk\" data-start=\"1078\" data-end=\"1112\">Plan de alimentaci\u00f3n para 3 meses<\/li>\n<\/ul>\n<\/div>\n<\/div>","protected":false},"excerpt":{"rendered":"<p>Transforma\u00e7\u00e3o completa com acompanhamento cont\u00ednuo e resultados reais \u00bfO que inclui este programa? Acompanhamento durante 30 dias Ebook de receitas Consulta personalizada Interpreta\u00e7\u00e3o de exames cl\u00ednicos Plano alimentar para 3 &hellip; <a href=\"https:\/\/acsnutrigenomica.com\/es\/product\/programa-max\/\" class=\"more-link\">Continue reading <span class=\"screen-reader-text\">Programa Max<\/span><\/a><\/p>","protected":false},"featured_media":3926,"comment_status":"open","ping_status":"closed","template":"","meta":[],"product_brand":[],"product_cat":[44],"product_tag":[],"class_list":{"0":"post-4139","1":"product","2":"type-product","3":"status-publish","4":"has-post-thumbnail","6":"product_cat-asesoramiento-nutricional","9":"instock","10":"virtual","11":"purchasable","12":"product-type-simple"},"aioseo_notices":[],"_links":{"self":[{"href":"https:\/\/acsnutrigenomica.com\/es\/wp-json\/wp\/v2\/product\/4139","targetHints":{"allow":["GET"]}}],"collection":[{"href":"https:\/\/acsnutrigenomica.com\/es\/wp-json\/wp\/v2\/product"}],"about":[{"href":"https:\/\/acsnutrigenomica.com\/es\/wp-json\/wp\/v2\/types\/product"}],"replies":[{"embeddable":true,"href":"https:\/\/acsnutrigenomica.com\/es\/wp-json\/wp\/v2\/comments?post=4139"}],"wp:featuredmedia":[{"embeddable":true,"href":"https:\/\/acsnutrigenomica.com\/es\/wp-json\/wp\/v2\/media\/3926"}],"wp:attachment":[{"href":"https:\/\/acsnutrigenomica.com\/es\/wp-json\/wp\/v2\/media?parent=4139"}],"wp:term":[{"taxonomy":"product_brand","embeddable":true,"href":"https:\/\/acsnutrigenomica.com\/es\/wp-json\/wp\/v2\/product_brand?post=4139"},{"taxonomy":"product_cat","embeddable":true,"href":"https:\/\/acsnutrigenomica.com\/es\/wp-json\/wp\/v2\/product_cat?post=4139"},{"taxonomy":"product_tag","embeddable":true,"href":"https:\/\/acsnutrigenomica.com\/es\/wp-json\/wp\/v2\/product_tag?post=4139"}],"curies":[{"name":"wp","href":"https:\/\/api.w.org\/{rel}","templated":true}]}}