{"id":4138,"date":"2026-04-26T16:53:47","date_gmt":"2026-04-26T14:53:47","guid":{"rendered":"https:\/\/acsnutrigenomica.com\/?post_type=product&#038;p=4138"},"modified":"2026-04-27T12:28:01","modified_gmt":"2026-04-27T10:28:01","slug":"programa-mid","status":"publish","type":"product","link":"https:\/\/acsnutrigenomica.com\/es\/product\/programa-mid\/","title":{"rendered":"Programa Mid"},"content":{"rendered":"<p class=\"tm-custom-heading\"><span style=\"font-size: 16px;\">Un plan m\u00e1s completo para mejorar tu salud con una estrategia personalizada.<\/span><\/p>\n<h2 class=\"tm-custom-heading\">\u00bfQu\u00e9 incluye este programa?<\/h2>\n<div class=\"wpb_text_column wpb_content_element\">\n<div class=\"wpb_wrapper\">\n<ul>\n<li class=\"skrollable skrollable-between\" data-section-id=\"19d8kia\" data-start=\"717\" data-end=\"737\">Ebook de recetas<\/li>\n<li class=\"skrollable skrollable-between\" data-section-id=\"19d8kia\" data-start=\"717\" data-end=\"737\">Consulta personalizada<\/li>\n<li class=\"skrollable skrollable-between\" data-section-id=\"19d8kia\" data-start=\"717\" data-end=\"737\">Interpretaci\u00f3n de ex\u00e1menes cl\u00ednicos<\/li>\n<li class=\"skrollable skrollable-between\" data-section-id=\"19d8kia\" data-start=\"717\" data-end=\"737\">Plan de alimentaci\u00f3n para 3 meses<\/li>\n<\/ul>\n<\/div>\n<\/div>","protected":false},"excerpt":{"rendered":"<p>Um plano mais completo para melhorar sua sa\u00fade com uma estrat\u00e9gia personalizada. \u00bfO que inclui este programa? Ebook de receitas Consulta personalizada Interpreta\u00e7\u00e3o de exames cl\u00ednicos Plano alimentar para 3 &hellip; <a href=\"https:\/\/acsnutrigenomica.com\/es\/product\/programa-mid\/\" class=\"more-link\">Continue reading <span class=\"screen-reader-text\">Programa Mid<\/span><\/a><\/p>","protected":false},"featured_media":3894,"comment_status":"open","ping_status":"closed","template":"","meta":[],"product_brand":[],"product_cat":[44],"product_tag":[],"class_list":{"0":"post-4138","1":"product","2":"type-product","3":"status-publish","4":"has-post-thumbnail","6":"product_cat-asesoramiento-nutricional","9":"instock","10":"virtual","11":"purchasable","12":"product-type-simple"},"aioseo_notices":[],"_links":{"self":[{"href":"https:\/\/acsnutrigenomica.com\/es\/wp-json\/wp\/v2\/product\/4138","targetHints":{"allow":["GET"]}}],"collection":[{"href":"https:\/\/acsnutrigenomica.com\/es\/wp-json\/wp\/v2\/product"}],"about":[{"href":"https:\/\/acsnutrigenomica.com\/es\/wp-json\/wp\/v2\/types\/product"}],"replies":[{"embeddable":true,"href":"https:\/\/acsnutrigenomica.com\/es\/wp-json\/wp\/v2\/comments?post=4138"}],"wp:featuredmedia":[{"embeddable":true,"href":"https:\/\/acsnutrigenomica.com\/es\/wp-json\/wp\/v2\/media\/3894"}],"wp:attachment":[{"href":"https:\/\/acsnutrigenomica.com\/es\/wp-json\/wp\/v2\/media?parent=4138"}],"wp:term":[{"taxonomy":"product_brand","embeddable":true,"href":"https:\/\/acsnutrigenomica.com\/es\/wp-json\/wp\/v2\/product_brand?post=4138"},{"taxonomy":"product_cat","embeddable":true,"href":"https:\/\/acsnutrigenomica.com\/es\/wp-json\/wp\/v2\/product_cat?post=4138"},{"taxonomy":"product_tag","embeddable":true,"href":"https:\/\/acsnutrigenomica.com\/es\/wp-json\/wp\/v2\/product_tag?post=4138"}],"curies":[{"name":"wp","href":"https:\/\/api.w.org\/{rel}","templated":true}]}}