{"id":4137,"date":"2026-04-26T16:50:26","date_gmt":"2026-04-26T14:50:26","guid":{"rendered":"https:\/\/acsnutrigenomica.com\/?post_type=product&#038;p=4137"},"modified":"2026-04-27T12:07:26","modified_gmt":"2026-04-27T10:07:26","slug":"programa-basic","status":"publish","type":"product","link":"https:\/\/acsnutrigenomica.com\/es\/product\/programa-basic\/","title":{"rendered":"Programa Basic"},"content":{"rendered":"<div class=\"wpb_text_column wpb_content_element\">\n<div class=\"wpb_wrapper\">\n<p>Este programa est\u00e1 dise\u00f1ado para ayudarte a mejorar tu alimentaci\u00f3n de forma sencilla, pr\u00e1ctica y adaptada a tu estilo de vida.<\/p>\n<\/div>\n<\/div>\n<h2 class=\"tm-custom-heading\">\u00bfQu\u00e9 incluye este programa?<\/h2>\n<div class=\"wpb_text_column wpb_content_element\">\n<div class=\"wpb_wrapper\">\n<ul>\n<li class=\"skrollable skrollable-between\" data-section-id=\"1y3f9b8\" data-start=\"871\" data-end=\"902\">Ebook de recetas saludables<\/li>\n<li class=\"skrollable skrollable-between\" data-section-id=\"1y3f9b8\" data-start=\"871\" data-end=\"902\">Interpretaci\u00f3n de ex\u00e1menes cl\u00ednicos<\/li>\n<li class=\"skrollable skrollable-between\" data-section-id=\"1y3f9b8\" data-start=\"871\" data-end=\"902\">Consulta personalizada<\/li>\n<li class=\"skrollable skrollable-between\" data-section-id=\"1y3f9b8\" data-start=\"871\" data-end=\"902\">Recomendaciones adaptadas a tus objetivos<\/li>\n<\/ul>\n<\/div>\n<\/div>","protected":false},"excerpt":{"rendered":"<p>Este programa foi desenvolvido para ajudar voc\u00ea a melhorar sua alimenta\u00e7\u00e3o de forma simples, pr\u00e1tica e adaptada ao seu estilo de vida \u00bfO que inclui este programa? Ebook de receitas &hellip; <a href=\"https:\/\/acsnutrigenomica.com\/es\/product\/programa-basic\/\" class=\"more-link\">Continue reading <span class=\"screen-reader-text\">Programa Basic<\/span><\/a><\/p>","protected":false},"featured_media":3889,"comment_status":"open","ping_status":"closed","template":"","meta":[],"product_brand":[],"product_cat":[44],"product_tag":[],"class_list":{"0":"post-4137","1":"product","2":"type-product","3":"status-publish","4":"has-post-thumbnail","6":"product_cat-asesoramiento-nutricional","9":"instock","10":"virtual","11":"purchasable","12":"product-type-simple"},"aioseo_notices":[],"_links":{"self":[{"href":"https:\/\/acsnutrigenomica.com\/es\/wp-json\/wp\/v2\/product\/4137","targetHints":{"allow":["GET"]}}],"collection":[{"href":"https:\/\/acsnutrigenomica.com\/es\/wp-json\/wp\/v2\/product"}],"about":[{"href":"https:\/\/acsnutrigenomica.com\/es\/wp-json\/wp\/v2\/types\/product"}],"replies":[{"embeddable":true,"href":"https:\/\/acsnutrigenomica.com\/es\/wp-json\/wp\/v2\/comments?post=4137"}],"wp:featuredmedia":[{"embeddable":true,"href":"https:\/\/acsnutrigenomica.com\/es\/wp-json\/wp\/v2\/media\/3889"}],"wp:attachment":[{"href":"https:\/\/acsnutrigenomica.com\/es\/wp-json\/wp\/v2\/media?parent=4137"}],"wp:term":[{"taxonomy":"product_brand","embeddable":true,"href":"https:\/\/acsnutrigenomica.com\/es\/wp-json\/wp\/v2\/product_brand?post=4137"},{"taxonomy":"product_cat","embeddable":true,"href":"https:\/\/acsnutrigenomica.com\/es\/wp-json\/wp\/v2\/product_cat?post=4137"},{"taxonomy":"product_tag","embeddable":true,"href":"https:\/\/acsnutrigenomica.com\/es\/wp-json\/wp\/v2\/product_tag?post=4137"}],"curies":[{"name":"wp","href":"https:\/\/api.w.org\/{rel}","templated":true}]}}